{"id":3101,"date":"2024-07-16T19:30:29","date_gmt":"2024-07-16T23:30:29","guid":{"rendered":"https:\/\/avadawebsites.wpengine.com\/interior-design\/?page_id=3101"},"modified":"2026-02-08T00:06:37","modified_gmt":"2026-02-08T05:06:37","slug":"termes-et-conditions","status":"publish","type":"page","link":"https:\/\/lepetitroast.com\/fr\/terms-and-conditions\/","title":{"rendered":"Termes et Conditions"},"content":{"rendered":"<div class=\"fusion-fullwidth fullwidth-box fusion-builder-row-1 fusion-flex-container nonhundred-percent-fullwidth non-hundred-percent-height-scrolling\" style=\"--awb-border-radius-top-left:0px;--awb-border-radius-top-right:0px;--awb-border-radius-bottom-right:0px;--awb-border-radius-bottom-left:0px;--awb-padding-top:0px;--awb-padding-bottom:0px;--awb-margin-top:0px;--awb-flex-wrap:wrap;\" ><div class=\"fusion-builder-row fusion-row fusion-flex-align-items-flex-start fusion-flex-content-wrap\" style=\"max-width:1320.8px;margin-left: calc(-4% \/ 2 );margin-right: calc(-4% \/ 2 );\"><div class=\"fusion-layout-column fusion_builder_column fusion-builder-column-0 fusion_builder_column_1_1 1_1 fusion-flex-column\" style=\"--awb-bg-blend:overlay;--awb-bg-size:cover;--awb-width-large:100%;--awb-margin-top-large:0px;--awb-spacing-right-large:1.92%;--awb-margin-bottom-large:0px;--awb-spacing-left-large:1.92%;--awb-width-medium:100%;--awb-spacing-right-medium:1.92%;--awb-spacing-left-medium:1.92%;--awb-width-small:100%;--awb-spacing-right-small:1.92%;--awb-spacing-left-small:1.92%;\"><div class=\"fusion-column-wrapper fusion-flex-justify-content-flex-start fusion-content-layout-column\"><div class=\"fusion-title title fusion-title-1 fusion-sep-none fusion-title-center fusion-title-text fusion-title-size-one\" style=\"--awb-text-color:var(--awb-color8);--awb-margin-top-small:8px;--awb-margin-right-small:0px;--awb-margin-bottom-small:16px;--awb-margin-left-small:0px;--awb-font-size:var(--awb-typography1-font-size);\"><h1 class=\"fusion-title-heading title-heading-center fusion-responsive-typography-calculated\" style=\"font-family:var(--awb-typography1-font-family);font-weight:var(--awb-typography1-font-weight);font-style:var(--awb-typography1-font-style);margin:0;letter-spacing:var(--awb-typography1-letter-spacing);text-transform:var(--awb-typography1-text-transform);font-size:1em;--fontSize:42;line-height:var(--awb-typography1-line-height);\">Termes et Conditions<\/h1><\/div><div class=\"fusion-text fusion-text-1\" style=\"--awb-font-size:var(--awb-typography4-font-size);--awb-line-height:var(--awb-typography4-line-height);--awb-letter-spacing:var(--awb-typography4-letter-spacing);--awb-text-transform:var(--awb-typography4-text-transform);--awb-text-font-family:var(--awb-typography4-font-family);--awb-text-font-weight:var(--awb-typography4-font-weight);--awb-text-font-style:var(--awb-typography4-font-style);\"><h3 class=\"text-lg font-bold text-text-100 mt-1 -mb-1.5 fusion-responsive-typography-calculated\" style=\"--fontsize: 28;line-height: 1.32\" data-fontsize=\"28\" data-lineheight=\"36.96px\">Traitement des Commandes<\/h3>\n<ul class=\"&#091;&amp;:not(:last-child)_ul&#093;:pb-1 &#091;&amp;:not(:last-child)_ol&#093;:pb-1 list-disc space-y-2.5 pl-7\">\n<li class=\"whitespace-normal break-words\">Vous recevrez un courriel de confirmation de commande apr\u00e8s avoir soumis votre commande<\/li>\n<li class=\"whitespace-normal break-words\">Les commandes sont g\u00e9n\u00e9ralement exp\u00e9di\u00e9es dans les 5 jours ouvrables suivant l'approbation du paiement<\/li>\n<li class=\"whitespace-normal break-words\">Si un article est en rupture de stock, la commande compl\u00e8te sera exp\u00e9di\u00e9e une fois que tous les articles seront disponibles<\/li>\n<\/ul>\n<h3 class=\"text-lg font-bold text-text-100 mt-1 -mb-1.5 fusion-responsive-typography-calculated\" style=\"--fontsize: 28;line-height: 1.32\" data-fontsize=\"28\" data-lineheight=\"36.96px\">Exp\u00e9dition<\/h3>\n<ul class=\"&#091;&amp;:not(:last-child)_ul&#093;:pb-1 &#091;&amp;:not(:last-child)_ol&#093;:pb-1 list-disc space-y-2.5 pl-7\">\n<li class=\"whitespace-normal break-words\">Exp\u00e9dition disponible au Canada et aux \u00c9tats-Unis seulement<\/li>\n<li class=\"whitespace-normal break-words\">Les d\u00e9lais de livraison peuvent varier et ne sont pas garantis<\/li>\n<li class=\"whitespace-normal break-words\">Pour tout probl\u00e8me d'exp\u00e9dition, contactez-nous via <a href=\"https:\/\/lepetitroast.com\/fr\/contactez-nous\/\">le formulaire de contact<\/a> avec votre num\u00e9ro de confirmation de commande<\/li>\n<\/ul>\n<h3 class=\"text-lg font-bold text-text-100 mt-1 -mb-1.5 fusion-responsive-typography-calculated\" style=\"--fontsize: 28;line-height: 1.32\" data-fontsize=\"28\" data-lineheight=\"36.96px\">Retours et Remboursements<\/h3>\n<ul class=\"&#091;&amp;:not(:last-child)_ul&#093;:pb-1 &#091;&amp;:not(:last-child)_ol&#093;:pb-1 list-disc space-y-2.5 pl-7\">\n<li class=\"whitespace-normal break-words\">Aucun retour ni remboursement une fois la commande exp\u00e9di\u00e9e<\/li>\n<li class=\"whitespace-normal break-words\">Pour annuler avant l'exp\u00e9dition, contactez-nous via <a href=\"https:\/\/lepetitroast.com\/fr\/contactez-nous\/\">le formulaire de contact<\/a> avec :\n<ol class=\"&#091;&amp;:not(:last-child)_ul&#093;:pb-1 &#091;&amp;:not(:last-child)_ol&#093;:pb-1 list-decimal space-y-2.5 pl-7\">\n<li class=\"whitespace-normal break-words\">Num\u00e9ro de commande<\/li>\n<li class=\"whitespace-normal break-words\">Adresse courriel utilis\u00e9e pour la commande<\/li>\n<li class=\"whitespace-normal break-words\">Copie de la confirmation de commande<\/li>\n<\/ol>\n<\/li>\n<li class=\"whitespace-normal break-words\">Les commandes annul\u00e9es sont rembours\u00e9es selon le mode de paiement original dans un d\u00e9lai de 5 \u00e0 10 jours ouvrables<\/li>\n<\/ul>\n<h3 class=\"text-lg font-bold text-text-100 mt-1 -mb-1.5 fusion-responsive-typography-calculated\" style=\"--fontsize: 28;line-height: 1.32\" data-fontsize=\"28\" data-lineheight=\"36.96px\">Paiement et Tarification<\/h3>\n<ul class=\"&#091;&amp;:not(:last-child)_ul&#093;:pb-1 &#091;&amp;:not(:last-child)_ol&#093;:pb-1 list-disc space-y-2.5 pl-7\">\n<li class=\"whitespace-normal break-words\">Tous les prix sont en dollars canadiens (CAD)<\/li>\n<li class=\"whitespace-normal break-words\">Nous acceptons toutes les principales cartes de cr\u00e9dit et de d\u00e9bit via Stripe<\/li>\n<li class=\"whitespace-normal break-words\">Les prix sont sujets \u00e0 changement sans pr\u00e9avis<\/li>\n<li class=\"whitespace-normal break-words\">Les taxes et les frais d'exp\u00e9dition sont calcul\u00e9s lors du paiement<\/li>\n<\/ul>\n<h3 class=\"text-lg font-bold text-text-100 mt-1 -mb-1.5 fusion-responsive-typography-calculated\" style=\"--fontsize: 28;line-height: 1.32\" data-fontsize=\"28\" data-lineheight=\"36.96px\">Taxes<\/h3>\n<ul class=\"&#091;&amp;:not(:last-child)_ul&#093;:pb-1 &#091;&amp;:not(:last-child)_ol&#093;:pb-1 list-disc space-y-2.5 pl-7\">\n<li class=\"whitespace-normal break-words\"><strong>Canada :<\/strong> Le caf\u00e9 est exempt\u00e9 de taxes; l'exp\u00e9dition est taxable<\/li>\n<li class=\"whitespace-normal break-words\"><strong>\u00c9tats-Unis :<\/strong> Both coffee and shipping are taxable<\/li>\n<\/ul>\n<h3 class=\"text-lg font-bold text-text-100 mt-1 -mb-1.5 fusion-responsive-typography-calculated\" style=\"--fontsize: 28;line-height: 1.32\" data-fontsize=\"28\" data-lineheight=\"36.96px\">Coupons<\/h3>\n<ul class=\"&#091;&amp;:not(:last-child)_ul&#093;:pb-1 &#091;&amp;:not(:last-child)_ol&#093;:pb-1 list-disc space-y-2.5 pl-7\">\n<li class=\"whitespace-normal break-words\">Appliquez les coupons avant de passer votre commande<\/li>\n<li class=\"whitespace-normal break-words\">Un coupon par commande, sauf indication contraire<\/li>\n<li class=\"whitespace-normal break-words\">Les parrains ne peuvent pas utiliser leurs propres codes de parrainage<\/li>\n<\/ul>\n<p class=\"whitespace-normal break-words\"><strong>Des questions ? <\/strong>Contactez-nous via <a href=\"https:\/\/lepetitroast.com\/fr\/contactez-nous\/\">le formulaire de contact<\/a><\/p>\n<p class=\"whitespace-normal break-words\"><strong>En passant une commande, vous acceptez ces conditions.<\/strong><\/p>\n<p><!-- \/wp:post-content --><\/p>\n<p><!-- wp:paragraph \/--><\/p>\n<p><!-- wp:paragraph \/--><\/p>\n<\/div><\/div><\/div><\/div><\/div>","protected":false},"excerpt":{"rendered":"","protected":false},"author":6,"featured_media":0,"parent":0,"menu_order":0,"comment_status":"closed","ping_status":"closed","template":"","meta":{"footnotes":""},"class_list":["post-3101","page","type-page","status-publish","hentry"],"yoast_head":"<!-- This site is optimized with the Yoast SEO plugin v27.3 - https:\/\/yoast.com\/product\/yoast-seo-wordpress\/ -->\n<title>Terms and Conditions | Le Petit Roast<\/title>\n<meta name=\"description\" content=\"Learn about Le Petit Roast&#039;s policies on ordering, shipping and use of our website. Enjoy our artisanal coffee with confidence.\" \/>\n<meta name=\"robots\" content=\"index, follow, max-snippet:-1, max-image-preview:large, max-video-preview:-1\" \/>\n<link rel=\"canonical\" href=\"https:\/\/lepetitroast.com\/fr\/termes-et-conditions\/\" \/>\n<meta property=\"og:locale\" content=\"fr_CA\" \/>\n<meta property=\"og:type\" content=\"article\" \/>\n<meta property=\"og:title\" content=\"Terms and Conditions | Le Petit Roast\" \/>\n<meta property=\"og:description\" content=\"Learn about Le Petit Roast&#039;s policies on ordering, shipping and use of our website. Enjoy our artisanal coffee with confidence.\" \/>\n<meta property=\"og:url\" content=\"https:\/\/lepetitroast.com\/fr\/termes-et-conditions\/\" \/>\n<meta property=\"og:site_name\" content=\"Le Petit Roast\" \/>\n<meta property=\"article:modified_time\" content=\"2026-02-08T05:06:37+00:00\" \/>\n<meta name=\"twitter:card\" content=\"summary_large_image\" \/>\n<meta name=\"twitter:label1\" content=\"Estimation du temps de lecture\" \/>\n\t<meta name=\"twitter:data1\" content=\"1 minute\" \/>\n<script type=\"application\/ld+json\" class=\"yoast-schema-graph\">{\"@context\":\"https:\\\/\\\/schema.org\",\"@graph\":[{\"@type\":\"WebPage\",\"@id\":\"https:\\\/\\\/lepetitroast.com\\\/terms-and-conditions\\\/\",\"url\":\"https:\\\/\\\/lepetitroast.com\\\/terms-and-conditions\\\/\",\"name\":\"Terms and Conditions | Le Petit Roast\",\"isPartOf\":{\"@id\":\"https:\\\/\\\/lepetitroast.com\\\/#website\"},\"datePublished\":\"2024-07-16T23:30:29+00:00\",\"dateModified\":\"2026-02-08T05:06:37+00:00\",\"description\":\"Learn about Le Petit Roast's policies on ordering, shipping and use of our website. Enjoy our artisanal coffee with confidence.\",\"breadcrumb\":{\"@id\":\"https:\\\/\\\/lepetitroast.com\\\/terms-and-conditions\\\/#breadcrumb\"},\"inLanguage\":\"fr-CA\",\"potentialAction\":[{\"@type\":\"ReadAction\",\"target\":[\"https:\\\/\\\/lepetitroast.com\\\/terms-and-conditions\\\/\"]}]},{\"@type\":\"BreadcrumbList\",\"@id\":\"https:\\\/\\\/lepetitroast.com\\\/terms-and-conditions\\\/#breadcrumb\",\"itemListElement\":[{\"@type\":\"ListItem\",\"position\":1,\"name\":\"Home\",\"item\":\"https:\\\/\\\/lepetitroast.com\\\/\"},{\"@type\":\"ListItem\",\"position\":2,\"name\":\"Terms and Conditions\"}]},{\"@type\":\"WebSite\",\"@id\":\"https:\\\/\\\/lepetitroast.com\\\/#website\",\"url\":\"https:\\\/\\\/lepetitroast.com\\\/\",\"name\":\"Le Petit Roast\",\"description\":\"Good coffee doesn\u2019t have to be complicated.\",\"potentialAction\":[{\"@type\":\"SearchAction\",\"target\":{\"@type\":\"EntryPoint\",\"urlTemplate\":\"https:\\\/\\\/lepetitroast.com\\\/?s={search_term_string}\"},\"query-input\":{\"@type\":\"PropertyValueSpecification\",\"valueRequired\":true,\"valueName\":\"search_term_string\"}}],\"inLanguage\":\"fr-CA\"}]}<\/script>\n<!-- \/ Yoast SEO plugin. -->","yoast_head_json":{"title":"Termes et Conditions | Le Petit Roast","description":"D\u00e9couvrez les politiques de Le Petit Roast concernant les commandes, l'exp\u00e9dition et l'utilisation de notre site Web. Savourez notre caf\u00e9 artisanal en toute confiance.","robots":{"index":"index","follow":"follow","max-snippet":"max-snippet:-1","max-image-preview":"max-image-preview:large","max-video-preview":"max-video-preview:-1"},"canonical":"https:\/\/lepetitroast.com\/fr\/termes-et-conditions\/","og_locale":"fr_CA","og_type":"article","og_title":"Terms and Conditions | Le Petit Roast","og_description":"Learn about Le Petit Roast's policies on ordering, shipping and use of our website. Enjoy our artisanal coffee with confidence.","og_url":"https:\/\/lepetitroast.com\/fr\/termes-et-conditions\/","og_site_name":"Le Petit Roast","article_modified_time":"2026-02-08T05:06:37+00:00","twitter_card":"summary_large_image","twitter_misc":{"Estimation du temps de lecture":"1 minute"},"schema":{"@context":"https:\/\/schema.org","@graph":[{"@type":"WebPage","@id":"https:\/\/lepetitroast.com\/terms-and-conditions\/","url":"https:\/\/lepetitroast.com\/terms-and-conditions\/","name":"Termes et Conditions | Le Petit Roast","isPartOf":{"@id":"https:\/\/lepetitroast.com\/#website"},"datePublished":"2024-07-16T23:30:29+00:00","dateModified":"2026-02-08T05:06:37+00:00","description":"D\u00e9couvrez les politiques de Le Petit Roast concernant les commandes, l'exp\u00e9dition et l'utilisation de notre site Web. Savourez notre caf\u00e9 artisanal en toute confiance.","breadcrumb":{"@id":"https:\/\/lepetitroast.com\/terms-and-conditions\/#breadcrumb"},"inLanguage":"fr-CA","potentialAction":[{"@type":"ReadAction","target":["https:\/\/lepetitroast.com\/terms-and-conditions\/"]}]},{"@type":"BreadcrumbList","@id":"https:\/\/lepetitroast.com\/terms-and-conditions\/#breadcrumb","itemListElement":[{"@type":"ListItem","position":1,"name":"Home","item":"https:\/\/lepetitroast.com\/"},{"@type":"ListItem","position":2,"name":"Terms and Conditions"}]},{"@type":"WebSite","@id":"https:\/\/lepetitroast.com\/#website","url":"https:\/\/lepetitroast.com\/","name":"Le Petit Roast","description":"Good coffee doesn\u2019t have to be complicated.","potentialAction":[{"@type":"SearchAction","target":{"@type":"EntryPoint","urlTemplate":"https:\/\/lepetitroast.com\/?s={search_term_string}"},"query-input":{"@type":"PropertyValueSpecification","valueRequired":true,"valueName":"search_term_string"}}],"inLanguage":"fr-CA"}]}},"_links":{"self":[{"href":"https:\/\/lepetitroast.com\/fr\/wp-json\/wp\/v2\/pages\/3101","targetHints":{"allow":["GET"]}}],"collection":[{"href":"https:\/\/lepetitroast.com\/fr\/wp-json\/wp\/v2\/pages"}],"about":[{"href":"https:\/\/lepetitroast.com\/fr\/wp-json\/wp\/v2\/types\/page"}],"author":[{"embeddable":true,"href":"https:\/\/lepetitroast.com\/fr\/wp-json\/wp\/v2\/users\/6"}],"replies":[{"embeddable":true,"href":"https:\/\/lepetitroast.com\/fr\/wp-json\/wp\/v2\/comments?post=3101"}],"version-history":[{"count":20,"href":"https:\/\/lepetitroast.com\/fr\/wp-json\/wp\/v2\/pages\/3101\/revisions"}],"predecessor-version":[{"id":113097,"href":"https:\/\/lepetitroast.com\/fr\/wp-json\/wp\/v2\/pages\/3101\/revisions\/113097"}],"wp:attachment":[{"href":"https:\/\/lepetitroast.com\/fr\/wp-json\/wp\/v2\/media?parent=3101"}],"curies":[{"name":"wp","href":"https:\/\/api.w.org\/{rel}","templated":true}]}}