{"id":111581,"date":"2024-10-02T21:21:33","date_gmt":"2024-10-03T01:21:33","guid":{"rendered":"https:\/\/letomcafe.com\/?post_type=product&#038;p=111581"},"modified":"2026-04-02T22:55:56","modified_gmt":"2026-04-03T02:55:56","slug":"bresil-mantissa","status":"publish","type":"product","link":"https:\/\/lepetitroast.com\/fr\/shop\/brazil-mantissa\/","title":{"rendered":"Le Mantissa \u2013 Br\u00e9sil"},"content":{"rendered":"<h4>La Note du Torr\u00e9facteur<\/h4>\n<p>Doux, sucr\u00e9, sans asp\u00e9rit\u00e9s. Un caf\u00e9 br\u00e9silien naturel \u00e0 torr\u00e9faction moyenne de la Fazenda Mantissa \u00e0 Sul de Minas, une ferme laur\u00e9ate du prix Ernesto Illy, entour\u00e9e de for\u00eat atlantique. Caramel, chocolat et une douceur propre qui fonctionne dans tout. Espresso, filtre, lattes. Le caf\u00e9 que vous prenez sans y penser.<\/p>","protected":false},"excerpt":{"rendered":"<div style=\"margin-top: 40px;padding: 0\">\n<h3 style=\"font-family: 'DM Serif Display',serif;font-size: 1.5rem;font-weight: 400;color: #2c1e0f;margin-bottom: 4px\">Pour les Curieux<\/h3>\n<p style=\"font-size: 0.85rem;color: #8a7a66;margin-bottom: 24px\">Tout ce qu'il y a derri\u00e8re la tasse<\/p>\n<div style=\"display: flex;flex-wrap: wrap;gap: 0;border: 1px solid #D6CBBE;border-radius: 12px;overflow: hidden;background: #E8E0D6\">\n<div style=\"flex: 1 1 48%;min-width: 280px;padding: 28px 32px;border-bottom: 1px solid #D6CBBE;border-right: 1px solid #D6CBBE\">\n<h4 style=\"font-size: 0.7rem;font-weight: bold;letter-spacing: 0.14em;text-transform: uppercase;color: #7a6b58;margin-bottom: 12px\">LES GRAINS<\/h4>\n<table style=\"width: 100%;border-collapse: collapse;font-size: 0.88rem;font-family: 'DM Sans',sans-serif\">\n<tbody>\n<tr style=\"border-bottom: 1px solid #D6CBBE\">\n<td style=\"padding: 8px 16px 8px 0;color: #7a6b58;font-weight: 600;width: 120px;vertical-align: top\">Origine<\/td>\n<td style=\"padding: 8px 0;color: #3a2a18\">Br\u00e9sil<\/td>\n<\/tr>\n<tr style=\"border-bottom: 1px solid #D6CBBE\">\n<td style=\"padding: 8px 16px 8px 0;color: #7a6b58;font-weight: 600;vertical-align: top\">R\u00e9gion<\/td>\n<td style=\"padding: 8px 0;color: #3a2a18\">Sul de Minas<\/td>\n<\/tr>\n<tr style=\"border-bottom: 1px solid #D6CBBE\">\n<td style=\"padding: 8px 16px 8px 0;color: #7a6b58;font-weight: 600;vertical-align: top\">Ferme<\/td>\n<td style=\"padding: 8px 0;color: #3a2a18\">Fazenda Mantissa<\/td>\n<\/tr>\n<tr style=\"border-bottom: 1px solid #D6CBBE\">\n<td style=\"padding: 8px 16px 8px 0;color: #7a6b58;font-weight: 600;vertical-align: top\">Source<\/td>\n<td style=\"padding: 8px 0;color: #3a2a18\">Origine unique<\/td>\n<\/tr>\n<tr style=\"border-bottom: 1px solid #D6CBBE\">\n<td style=\"padding: 8px 16px 8px 0;color: #7a6b58;font-weight: 600;vertical-align: top\">Altitude<\/td>\n<td style=\"padding: 8px 0;color: #3a2a18\">1100 \u2013 1280 m<\/td>\n<\/tr>\n<tr style=\"border-bottom: 1px solid #D6CBBE\">\n<td style=\"padding: 8px 16px 8px 0;color: #7a6b58;font-weight: 600;vertical-align: top\">Vari\u00e9t\u00e9<\/td>\n<td style=\"padding: 8px 0;color: #3a2a18\">Catuai Rouge<\/td>\n<\/tr>\n<tr>\n<td style=\"padding: 8px 16px 8px 0;color: #7a6b58;font-weight: 600;vertical-align: top\">Proc\u00e9d\u00e9<\/td>\n<td style=\"padding: 8px 0;color: #3a2a18\">Naturel<\/td>\n<\/tr>\n<\/tbody>\n<\/table>\n<\/div>\n<div style=\"flex: 1 1 48%;min-width: 280px;padding: 28px 32px;border-bottom: 1px solid #D6CBBE\">\n<h4 style=\"font-size: 0.7rem;font-weight: bold;letter-spacing: 0.14em;text-transform: uppercase;color: #7a6b58;margin-bottom: 12px\">GUIDE D'INFUSION<\/h4>\n<p style=\"font-size: 0.9rem;line-height: 1.65;color: #3a2a18\">Mantissa est votre caf\u00e9 de tous les jours, peu importe la m\u00e9thode. Espresso, filtre, ce que vous avez sous la main. Il coule doux avec le caramel et le chocolat en avant et une douceur qui reste sans devenir lourde. En lattes ou cappuccinos, c'est un accord naturel : le caramel s'approfondit, le corps s'arrondit, et rien ne se perd. Ce caf\u00e9 br\u00e9silien naturel \u00e0 torr\u00e9faction moyenne est le genre de caf\u00e9 qui fonctionne sans que vous ayez \u00e0 y penser. Facile \u00e0 pr\u00e9parer, difficile \u00e0 rater.<\/p>\n<\/div>\n<div style=\"flex: 1 1 48%;min-width: 280px;padding: 28px 32px;border-right: 1px solid #D6CBBE\">\n<h4 style=\"font-size: 0.7rem;font-weight: bold;letter-spacing: 0.14em;text-transform: uppercase;color: #7a6b58;margin-bottom: 12px\">APPROCHE DE TORR\u00c9FACTION<\/h4>\n<p style=\"font-size: 0.9rem;line-height: 1.65;color: #3a2a18\">Moyenne, lente et patiente. Les grains naturels (s\u00e9ch\u00e9s dans le fruit au lieu d'\u00eatre lav\u00e9s avant le s\u00e9chage) portent plus de sucre, ce qui veut dire qu'ils brunissent plus vite et br\u00fblent plus facilement. On baisse la temp\u00e9rature et on \u00e9tire la torr\u00e9faction, donnant aux sucres le temps de caram\u00e9liser uniform\u00e9ment sans br\u00fbler. Le r\u00e9sultat : une douceur propre sans aucune amertume de torr\u00e9faction. C'est de la torr\u00e9faction artisanale au sens propre. Avec un caf\u00e9 d'une ferme laur\u00e9ate du prix Ernesto Illy, la mati\u00e8re premi\u00e8re est d\u00e9j\u00e0 exceptionnelle. Notre travail, c'est de laisser la ferme parler.<\/p>\n<\/div>\n<div style=\"flex: 1 1 48%;min-width: 280px;padding: 28px 32px\">\n<h4 style=\"font-size: 0.7rem;font-weight: bold;letter-spacing: 0.14em;text-transform: uppercase;color: #7a6b58;margin-bottom: 12px\">SCORE SCA<\/h4>\n<p style=\"font-family: 'DM Serif Display',serif;font-size: 2.2rem;color: #2c1e0f;margin-bottom: 2px;line-height: 1\">83<\/p>\n<p style=\"font-size: 0.78rem;color: #7a6b58;margin-bottom: 12px\">sur 100<\/p>\n<div style=\"height: 6px;background: #D6CBBE;border-radius: 3px;overflow: hidden;margin-bottom: 10px\">\n<div style=\"width: 83%;height: 100%;background: #2C1E0F;border-radius: 3px\"><\/div>\n<\/div>\n<p style=\"font-size: 0.78rem;color: #7a6b58;line-height: 1.5\">Le score SCA est la norme mondiale pour \u00e9valuer la qualit\u00e9 du caf\u00e9, attribu\u00e9 sur l'ar\u00f4me, la saveur, le corps, l'acidit\u00e9 et l'\u00e9quilibre. Le caf\u00e9 commercial se situe g\u00e9n\u00e9ralement entre 60 et 70. Le caf\u00e9 de sp\u00e9cialit\u00e9 commence \u00e0 80. Mantissa a obtenu 83, \u00e9valu\u00e9 par des d\u00e9gustateurs certifi\u00e9s (Q-graders) \u00e0 l'importation, le pla\u00e7ant dans la cat\u00e9gorie caf\u00e9 de sp\u00e9cialit\u00e9 : une tasse propre, bien \u00e9quilibr\u00e9e et sans d\u00e9fauts.<\/p>\n<\/div>\n<\/div>\n<\/div>","protected":false},"featured_media":113220,"comment_status":"open","ping_status":"closed","template":"","meta":[],"product_brand":[],"product_cat":[51,148],"product_tag":[79,52,141,58,54],"class_list":{"0":"post-111581","1":"product","2":"type-product","3":"status-publish","4":"has-post-thumbnail","6":"product_cat-coffees","7":"product_cat-smooth-sweet","8":"product_tag-brazil","9":"product_tag-coffees","10":"product_tag-mantissa-brazil","11":"product_tag-medium","12":"product_tag-single-origin","13":"product_shipping_class-1-kg","15":"first","16":"instock","17":"featured","18":"shipping-taxable","19":"purchasable","20":"product-type-variable","21":"has-default-attributes"},"yoast_head":"<!-- This site is optimized with the Yoast SEO plugin v27.3 - https:\/\/yoast.com\/product\/yoast-seo-wordpress\/ -->\n<title>Le Mantissa | Le Petit Roast<\/title>\n<meta name=\"description\" content=\"Brazilian natural from Fazenda Mantissa, Ernesto Illy Award winner. Caramel, chocolate, smooth. Espresso, filter, milk drinks. Montreal roasted.\" \/>\n<meta name=\"robots\" content=\"index, follow, max-snippet:-1, max-image-preview:large, max-video-preview:-1\" \/>\n<link rel=\"canonical\" href=\"https:\/\/lepetitroast.com\/fr\/shop\/bresil-mantissa\/\" \/>\n<meta property=\"og:locale\" content=\"fr_CA\" \/>\n<meta property=\"og:type\" content=\"article\" \/>\n<meta property=\"og:title\" content=\"Le Mantissa | Le Petit Roast\" \/>\n<meta property=\"og:description\" content=\"Brazilian natural from Fazenda Mantissa, Ernesto Illy Award winner. Caramel, chocolate, smooth. Espresso, filter, milk drinks. Montreal roasted.\" \/>\n<meta property=\"og:url\" content=\"https:\/\/lepetitroast.com\/fr\/shop\/bresil-mantissa\/\" \/>\n<meta property=\"og:site_name\" content=\"Le Petit Roast\" \/>\n<meta property=\"article:modified_time\" content=\"2026-04-03T02:55:56+00:00\" \/>\n<meta property=\"og:image\" content=\"https:\/\/lepetitroast.com\/wp-content\/uploads\/2026\/03\/le-mantissa-brazilian-medium-roast-specialty-coffee-le-petit-roast.webp\" \/>\n\t<meta property=\"og:image:width\" content=\"2000\" \/>\n\t<meta property=\"og:image:height\" content=\"2000\" \/>\n\t<meta property=\"og:image:type\" content=\"image\/webp\" \/>\n<meta name=\"twitter:card\" content=\"summary_large_image\" \/>\n<meta name=\"twitter:label1\" content=\"Estimation du temps de lecture\" \/>\n\t<meta name=\"twitter:data1\" content=\"1 minute\" \/>\n<script type=\"application\/ld+json\" class=\"yoast-schema-graph\">{\"@context\":\"https:\\\/\\\/schema.org\",\"@graph\":[{\"@type\":\"WebPage\",\"@id\":\"https:\\\/\\\/lepetitroast.com\\\/shop\\\/brazil-mantissa\\\/\",\"url\":\"https:\\\/\\\/lepetitroast.com\\\/shop\\\/brazil-mantissa\\\/\",\"name\":\"Le Mantissa | Le Petit Roast\",\"isPartOf\":{\"@id\":\"https:\\\/\\\/lepetitroast.com\\\/#website\"},\"primaryImageOfPage\":{\"@id\":\"https:\\\/\\\/lepetitroast.com\\\/shop\\\/brazil-mantissa\\\/#primaryimage\"},\"image\":{\"@id\":\"https:\\\/\\\/lepetitroast.com\\\/shop\\\/brazil-mantissa\\\/#primaryimage\"},\"thumbnailUrl\":\"https:\\\/\\\/lepetitroast.com\\\/wp-content\\\/uploads\\\/2026\\\/03\\\/le-mantissa-brazilian-medium-roast-specialty-coffee-le-petit-roast.webp\",\"datePublished\":\"2024-10-03T01:21:33+00:00\",\"dateModified\":\"2026-04-03T02:55:56+00:00\",\"description\":\"Brazilian natural from Fazenda Mantissa, Ernesto Illy Award winner. Caramel, chocolate, smooth. Espresso, filter, milk drinks. Montreal roasted.\",\"breadcrumb\":{\"@id\":\"https:\\\/\\\/lepetitroast.com\\\/shop\\\/brazil-mantissa\\\/#breadcrumb\"},\"inLanguage\":\"fr-CA\",\"potentialAction\":[{\"@type\":\"ReadAction\",\"target\":[\"https:\\\/\\\/lepetitroast.com\\\/shop\\\/brazil-mantissa\\\/\"]}]},{\"@type\":\"ImageObject\",\"inLanguage\":\"fr-CA\",\"@id\":\"https:\\\/\\\/lepetitroast.com\\\/shop\\\/brazil-mantissa\\\/#primaryimage\",\"url\":\"https:\\\/\\\/lepetitroast.com\\\/wp-content\\\/uploads\\\/2026\\\/03\\\/le-mantissa-brazilian-medium-roast-specialty-coffee-le-petit-roast.webp\",\"contentUrl\":\"https:\\\/\\\/lepetitroast.com\\\/wp-content\\\/uploads\\\/2026\\\/03\\\/le-mantissa-brazilian-medium-roast-specialty-coffee-le-petit-roast.webp\",\"width\":2000,\"height\":2000,\"caption\":\"Le Mantissa coffee bag by Le Petit Roast \u2013 Brazilian medium roast with caramel and hazelnut notes on amber label\"},{\"@type\":\"BreadcrumbList\",\"@id\":\"https:\\\/\\\/lepetitroast.com\\\/shop\\\/brazil-mantissa\\\/#breadcrumb\",\"itemListElement\":[{\"@type\":\"ListItem\",\"position\":1,\"name\":\"Home\",\"item\":\"https:\\\/\\\/lepetitroast.com\\\/\"},{\"@type\":\"ListItem\",\"position\":2,\"name\":\"Shop with Sidebar\",\"item\":\"https:\\\/\\\/lepetitroast.com\\\/?page_id=919\"},{\"@type\":\"ListItem\",\"position\":3,\"name\":\"Le Mantissa &#8211; Brazil\"}]},{\"@type\":\"WebSite\",\"@id\":\"https:\\\/\\\/lepetitroast.com\\\/#website\",\"url\":\"https:\\\/\\\/lepetitroast.com\\\/\",\"name\":\"Le Petit Roast\",\"description\":\"Good coffee doesn\u2019t have to be complicated.\",\"potentialAction\":[{\"@type\":\"SearchAction\",\"target\":{\"@type\":\"EntryPoint\",\"urlTemplate\":\"https:\\\/\\\/lepetitroast.com\\\/?s={search_term_string}\"},\"query-input\":{\"@type\":\"PropertyValueSpecification\",\"valueRequired\":true,\"valueName\":\"search_term_string\"}}],\"inLanguage\":\"fr-CA\"}]}<\/script>\n<!-- \/ Yoast SEO plugin. -->","yoast_head_json":{"title":"Le Mantissa | Le Petit Roast","description":"Br\u00e9silien naturelle de la Fazenda Mantissa, laur\u00e9ate Ernesto Illy. Caramel, chocolat, douceur. Espresso, filtre, lattes. Torr\u00e9fi\u00e9 \u00e0 Montr\u00e9al.","robots":{"index":"index","follow":"follow","max-snippet":"max-snippet:-1","max-image-preview":"max-image-preview:large","max-video-preview":"max-video-preview:-1"},"canonical":"https:\/\/lepetitroast.com\/fr\/shop\/bresil-mantissa\/","og_locale":"fr_CA","og_type":"article","og_title":"Le Mantissa | Le Petit Roast","og_description":"Brazilian natural from Fazenda Mantissa, Ernesto Illy Award winner. Caramel, chocolate, smooth. Espresso, filter, milk drinks. Montreal roasted.","og_url":"https:\/\/lepetitroast.com\/fr\/shop\/bresil-mantissa\/","og_site_name":"Le Petit Roast","article_modified_time":"2026-04-03T02:55:56+00:00","og_image":[{"width":2000,"height":2000,"url":"https:\/\/lepetitroast.com\/wp-content\/uploads\/2026\/03\/le-mantissa-brazilian-medium-roast-specialty-coffee-le-petit-roast.webp","type":"image\/webp"}],"twitter_card":"summary_large_image","twitter_misc":{"Estimation du temps de lecture":"1 minute"},"schema":{"@context":"https:\/\/schema.org","@graph":[{"@type":"WebPage","@id":"https:\/\/lepetitroast.com\/shop\/brazil-mantissa\/","url":"https:\/\/lepetitroast.com\/shop\/brazil-mantissa\/","name":"Le Mantissa | Le Petit Roast","isPartOf":{"@id":"https:\/\/lepetitroast.com\/#website"},"primaryImageOfPage":{"@id":"https:\/\/lepetitroast.com\/shop\/brazil-mantissa\/#primaryimage"},"image":{"@id":"https:\/\/lepetitroast.com\/shop\/brazil-mantissa\/#primaryimage"},"thumbnailUrl":"https:\/\/lepetitroast.com\/wp-content\/uploads\/2026\/03\/le-mantissa-brazilian-medium-roast-specialty-coffee-le-petit-roast.webp","datePublished":"2024-10-03T01:21:33+00:00","dateModified":"2026-04-03T02:55:56+00:00","description":"Br\u00e9silien naturelle de la Fazenda Mantissa, laur\u00e9ate Ernesto Illy. Caramel, chocolat, douceur. Espresso, filtre, lattes. Torr\u00e9fi\u00e9 \u00e0 Montr\u00e9al.","breadcrumb":{"@id":"https:\/\/lepetitroast.com\/shop\/brazil-mantissa\/#breadcrumb"},"inLanguage":"fr-CA","potentialAction":[{"@type":"ReadAction","target":["https:\/\/lepetitroast.com\/shop\/brazil-mantissa\/"]}]},{"@type":"ImageObject","inLanguage":"fr-CA","@id":"https:\/\/lepetitroast.com\/shop\/brazil-mantissa\/#primaryimage","url":"https:\/\/lepetitroast.com\/wp-content\/uploads\/2026\/03\/le-mantissa-brazilian-medium-roast-specialty-coffee-le-petit-roast.webp","contentUrl":"https:\/\/lepetitroast.com\/wp-content\/uploads\/2026\/03\/le-mantissa-brazilian-medium-roast-specialty-coffee-le-petit-roast.webp","width":2000,"height":2000,"caption":"Le Mantissa coffee bag by Le Petit Roast \u2013 Brazilian medium roast with caramel and hazelnut notes on amber label"},{"@type":"BreadcrumbList","@id":"https:\/\/lepetitroast.com\/shop\/brazil-mantissa\/#breadcrumb","itemListElement":[{"@type":"ListItem","position":1,"name":"Home","item":"https:\/\/lepetitroast.com\/"},{"@type":"ListItem","position":2,"name":"Shop with Sidebar","item":"https:\/\/lepetitroast.com\/?page_id=919"},{"@type":"ListItem","position":3,"name":"Le Mantissa &#8211; Brazil"}]},{"@type":"WebSite","@id":"https:\/\/lepetitroast.com\/#website","url":"https:\/\/lepetitroast.com\/","name":"Le Petit Roast","description":"Good coffee doesn\u2019t have to be complicated.","potentialAction":[{"@type":"SearchAction","target":{"@type":"EntryPoint","urlTemplate":"https:\/\/lepetitroast.com\/?s={search_term_string}"},"query-input":{"@type":"PropertyValueSpecification","valueRequired":true,"valueName":"search_term_string"}}],"inLanguage":"fr-CA"}]}},"_links":{"self":[{"href":"https:\/\/lepetitroast.com\/fr\/wp-json\/wp\/v2\/product\/111581","targetHints":{"allow":["GET"]}}],"collection":[{"href":"https:\/\/lepetitroast.com\/fr\/wp-json\/wp\/v2\/product"}],"about":[{"href":"https:\/\/lepetitroast.com\/fr\/wp-json\/wp\/v2\/types\/product"}],"replies":[{"embeddable":true,"href":"https:\/\/lepetitroast.com\/fr\/wp-json\/wp\/v2\/comments?post=111581"}],"wp:featuredmedia":[{"embeddable":true,"href":"https:\/\/lepetitroast.com\/fr\/wp-json\/wp\/v2\/media\/113220"}],"wp:attachment":[{"href":"https:\/\/lepetitroast.com\/fr\/wp-json\/wp\/v2\/media?parent=111581"}],"wp:term":[{"taxonomy":"product_brand","embeddable":true,"href":"https:\/\/lepetitroast.com\/fr\/wp-json\/wp\/v2\/product_brand?post=111581"},{"taxonomy":"product_cat","embeddable":true,"href":"https:\/\/lepetitroast.com\/fr\/wp-json\/wp\/v2\/product_cat?post=111581"},{"taxonomy":"product_tag","embeddable":true,"href":"https:\/\/lepetitroast.com\/fr\/wp-json\/wp\/v2\/product_tag?post=111581"}],"curies":[{"name":"wp","href":"https:\/\/api.w.org\/{rel}","templated":true}]}}