{"id":113226,"date":"2026-03-14T23:46:11","date_gmt":"2026-03-15T03:46:11","guid":{"rendered":"https:\/\/lepetitroast.com\/?post_type=product&#038;p=113226"},"modified":"2026-04-04T15:01:26","modified_gmt":"2026-04-04T19:01:26","slug":"decaf-red-plum-colombie","status":"publish","type":"product","link":"https:\/\/lepetitroast.com\/fr\/shop\/decaf-red-plum-colombia\/","title":{"rendered":"D\u00e9caf Red Plum \u2013 Colombie"},"content":{"rendered":"<h4>La Note du Torr\u00e9facteur<\/h4>\n<p class=\"font-claude-response-body whitespace-normal break-words\">C'est impossible de deviner que c'est du d\u00e9caf. Prune, fruits rouges, une acidit\u00e9 claire, et le chocolat au lait discret en arri\u00e8re-plan. Tout en \u00e9quilibre. C'est un lot Red Plum de la Finca El Para\u00edso de Diego Berm\u00fadez, l'une des fermes les plus innovantes et renomm\u00e9es au monde. Je le torr\u00e9fie l\u00e9ger-moyen pour pr\u00e9server tout ce qu'ils ont relev\u00e9 de ce magnifique grain. Surprenant, d\u00e9licieux, et honn\u00eatement le dernier caf\u00e9 que vous devineriez \u00eatre un d\u00e9caf. Infusion filtre, \u00e0 toute heure du jour ou de la nuit sans culpabilit\u00e9.<\/p>","protected":false},"excerpt":{"rendered":"<div style=\"margin-top: 40px;padding: 0\">\n<h3 style=\"font-family: 'DM Serif Display',serif;font-size: 1.5rem;font-weight: 400;color: #2c1e0f;margin-bottom: 4px\">Pour les Curieux<\/h3>\n<p style=\"font-size: 0.85rem;color: #8a7a66;margin-bottom: 24px\">Tout ce qu'il y a derri\u00e8re la tasse<\/p>\n<div style=\"display: flex;flex-wrap: wrap;gap: 0;border: 1px solid #D6CBBE;border-radius: 12px;overflow: hidden;background: #E8E0D6\">\n<div style=\"flex: 1 1 48%;min-width: 280px;padding: 28px 32px;border-bottom: 1px solid #D6CBBE;border-right: 1px solid #D6CBBE\">\n<h4 style=\"font-size: 0.7rem;font-weight: bold;letter-spacing: 0.14em;text-transform: uppercase;color: #7a6b58;margin-bottom: 12px\">LES GRAINS<\/h4>\n<table style=\"width: 100%;border-collapse: collapse;font-size: 0.88rem;font-family: 'DM Sans',sans-serif\">\n<tbody>\n<tr style=\"border-bottom: 1px solid #D6CBBE\">\n<td style=\"padding: 8px 16px 8px 0;color: #7a6b58;font-weight: 600;width: 120px;vertical-align: top\">Origine<\/td>\n<td style=\"padding: 8px 0;color: #3a2a18\">Colombie<\/td>\n<\/tr>\n<tr style=\"border-bottom: 1px solid #D6CBBE\">\n<td style=\"padding: 8px 16px 8px 0;color: #7a6b58;font-weight: 600;vertical-align: top\">R\u00e9gion<\/td>\n<td style=\"padding: 8px 0;color: #3a2a18\">Piendam\u00f3, Cauca<\/td>\n<\/tr>\n<tr style=\"border-bottom: 1px solid #D6CBBE\">\n<td style=\"padding: 8px 16px 8px 0;color: #7a6b58;font-weight: 600;vertical-align: top\">Producteur<\/td>\n<td style=\"padding: 8px 0;color: #3a2a18\">Diego Berm\u00fadez, Finca El Para\u00edso<\/td>\n<\/tr>\n<tr style=\"border-bottom: 1px solid #D6CBBE\">\n<td style=\"padding: 8px 16px 8px 0;color: #7a6b58;font-weight: 600;vertical-align: top\">Source<\/td>\n<td style=\"padding: 8px 0;color: #3a2a18\">Micro-lot de ferme unique<\/td>\n<\/tr>\n<tr style=\"border-bottom: 1px solid #D6CBBE\">\n<td style=\"padding: 8px 16px 8px 0;color: #7a6b58;font-weight: 600;vertical-align: top\">Altitude<\/td>\n<td style=\"padding: 8px 0;color: #3a2a18\">1,960 m<\/td>\n<\/tr>\n<tr style=\"border-bottom: 1px solid #D6CBBE\">\n<td style=\"padding: 8px 16px 8px 0;color: #7a6b58;font-weight: 600;vertical-align: top\">Vari\u00e9t\u00e9<\/td>\n<td style=\"padding: 8px 0;color: #3a2a18\">Castillo<\/td>\n<\/tr>\n<tr>\n<td style=\"padding: 8px 16px 8px 0;color: #7a6b58;font-weight: 600;vertical-align: top\">Proc\u00e9d\u00e9<\/td>\n<td style=\"padding: 8px 0;color: #3a2a18\">Double fermentation ana\u00e9robie lav\u00e9, choc thermique, d\u00e9caf\u00e9in\u00e9 canne \u00e0 sucre<\/td>\n<\/tr>\n<\/tbody>\n<\/table>\n<\/div>\n<div style=\"flex: 1 1 48%;min-width: 280px;padding: 28px 32px;border-bottom: 1px solid #D6CBBE\">\n<h4 style=\"font-size: 0.7rem;font-weight: bold;letter-spacing: 0.14em;text-transform: uppercase;color: #7a6b58;margin-bottom: 12px\">GUIDE D'INFUSION<\/h4>\n<p style=\"font-size: 0.9rem;line-height: 1.65;color: #3a2a18\">Le Red Plum est fait pour l'infusion filtre. Pour-over, V60, Chemex, AeroPress, batch brew : toutes ces m\u00e9thodes laissent la prune et les fruits rouges s'exprimer pleinement, avec une belle acidit\u00e9 claire, et le chocolat au lait en subtilit\u00e9 pour l'\u00e9quilibre. Avant la torr\u00e9faction, les grains passent par une double fermentation ana\u00e9robie avec la m\u00e9thode Para\u00edso Red Fruit d\u00e9velopp\u00e9e par la famille Berm\u00fadez, puis un lavage par choc thermique (eau chaude et froide pour figer les ar\u00f4mes), et sont d\u00e9caf\u00e9in\u00e9s naturellement par le proc\u00e9d\u00e9 de canne \u00e0 sucre (l'ac\u00e9tate d'\u00e9thyle issu de la canne \u00e0 sucre dissout la caf\u00e9ine tout en pr\u00e9servant la douceur). Si vous n'avez jamais go\u00fbt\u00e9 des grains de caf\u00e9 d\u00e9caf\u00e9in\u00e9 qui vous font oublier que c'en est un, commencez ici.<\/p>\n<\/div>\n<div style=\"flex: 1 1 48%;min-width: 280px;padding: 28px 32px;border-right: 1px solid #D6CBBE\">\n<h4 style=\"font-size: 0.7rem;font-weight: bold;letter-spacing: 0.14em;text-transform: uppercase;color: #7a6b58;margin-bottom: 12px\">APPROCHE DE TORR\u00c9FACTION<\/h4>\n<p style=\"font-size: 0.9rem;line-height: 1.65;color: #3a2a18\">Torr\u00e9faction l\u00e9g\u00e8re-moyenne, avec pr\u00e9cision. Ce caf\u00e9 colombien Castillo provient d'un lot Red Plum de la Finca El Para\u00edso, l'une des fermes les plus respect\u00e9es du caf\u00e9 de sp\u00e9cialit\u00e9. La famille Berm\u00fadez a construit le caract\u00e8re de prune et de fruits rouges dans le grain \u00e0 travers leur proc\u00e9d\u00e9 de fermentation et de choc thermique, bien avant qu'il n'arrive chez nous. Avec toute cette complexit\u00e9 d\u00e9j\u00e0 pr\u00e9sente, la torr\u00e9faction reste douce. Juste assez de d\u00e9veloppement pour ouvrir le fruit, pendant que le chocolat reste subtil en arri\u00e8re-plan et apporte l'\u00e9quilibre \u00e0 la tasse. Torr\u00e9fier plus fonc\u00e9 effacerait exactement ce qu'ils ont pass\u00e9 des semaines \u00e0 construire dans ce caf\u00e9.<\/p>\n<\/div>\n<div style=\"flex: 1 1 48%;min-width: 280px;padding: 28px 32px\">\n<h4 style=\"font-size: 0.7rem;font-weight: bold;letter-spacing: 0.14em;text-transform: uppercase;color: #7a6b58;margin-bottom: 12px\">SCORE SCA<\/h4>\n<div style=\"display: flex;align-items: center;gap: 16px;margin-bottom: 12px\">\n<p><span style=\"font-family: 'DM Serif Display',serif;font-size: 2.2rem;color: #3a2a18;line-height: 1\">89<\/span><\/p>\n<div style=\"flex: 1\">\n<div style=\"background: #D6CBBE;border-radius: 4px;height: 8px;overflow: hidden\">\n<div style=\"background: #7A6B58;height: 100%;width: 89%;border-radius: 4px\"><\/div>\n<\/div>\n<\/div>\n<\/div>\n<p style=\"font-size: 0.9rem;line-height: 1.65;color: #3a2a18\">Not\u00e9 89 sur 100 par des Q-graders certifi\u00e9s SCA (des professionnels form\u00e9s qui \u00e9valuent le caf\u00e9 selon l'ar\u00f4me, la saveur, l'arri\u00e8re-go\u00fbt, l'acidit\u00e9, le corps, l'\u00e9quilibre, l'uniformit\u00e9, la douceur et l'impression g\u00e9n\u00e9rale). 89, c'est exceptionnellement \u00e9lev\u00e9 pour un d\u00e9caf\u00e9in\u00e9. La plupart des caf\u00e9s d\u00e9caf\u00e9in\u00e9s perdent leurs saveurs dans le processus. Celui-ci les a gard\u00e9es. Impossible de deviner que c'est sans caf\u00e9ine \u00e0 la tasse, et c'est exactement le but.<\/p>\n<\/div>\n<\/div>\n<\/div>","protected":false},"featured_media":113221,"comment_status":"open","ping_status":"closed","template":"","meta":[],"product_brand":[],"product_cat":[147,51],"product_tag":[111,103,95,106,108,112,102,100,109,97,94,107,113],"class_list":{"0":"post-113226","1":"product","2":"type-product","3":"status-publish","4":"has-post-thumbnail","6":"product_cat-bright-floral","7":"product_cat-coffees","8":"product_tag-anaerobic-coffee","9":"product_tag-cauca-region-coffee","10":"product_tag-colombian-coffee","11":"product_tag-double-fermentation-coffee","12":"product_tag-filter-coffee","13":"product_tag-high-altitude-coffee","14":"product_tag-pour-over-coffee","15":"product_tag-premium-coffee-beans","16":"product_tag-rare-varietal-coffee","17":"product_tag-single-origin-coffee","18":"product_tag-specialty-coffee","19":"product_tag-thermal-shock-process","20":"product_tag-washed-process-coffee","21":"product_shipping_class-1-kg","23":"first","24":"instock","25":"featured","26":"shipping-taxable","27":"purchasable","28":"product-type-variable","29":"has-default-attributes"},"yoast_head":"<!-- This site is optimized with the Yoast SEO plugin v27.3 - https:\/\/yoast.com\/product\/yoast-seo-wordpress\/ -->\n<title>Decaf Red Plum | Le Petit Roast<\/title>\n<meta name=\"description\" content=\"Plum, red berries, and a clean acidity you won&#039;t believe is decaf. Le Red Plum \u2014 light-medium roast Colombian from Finca El Para\u00edso. Scored 89 SCA.\" \/>\n<meta name=\"robots\" content=\"index, follow, max-snippet:-1, max-image-preview:large, max-video-preview:-1\" \/>\n<link rel=\"canonical\" href=\"https:\/\/lepetitroast.com\/fr\/shop\/decaf-red-plum-colombie\/\" \/>\n<meta property=\"og:locale\" content=\"fr_CA\" \/>\n<meta property=\"og:type\" content=\"article\" \/>\n<meta property=\"og:title\" content=\"Decaf Red Plum | Le Petit Roast\" \/>\n<meta property=\"og:description\" content=\"Plum, red berries, and a clean acidity you won&#039;t believe is decaf. Le Red Plum \u2014 light-medium roast Colombian from Finca El Para\u00edso. Scored 89 SCA.\" \/>\n<meta property=\"og:url\" content=\"https:\/\/lepetitroast.com\/fr\/shop\/decaf-red-plum-colombie\/\" \/>\n<meta property=\"og:site_name\" content=\"Le Petit Roast\" \/>\n<meta property=\"article:modified_time\" content=\"2026-04-04T19:01:26+00:00\" \/>\n<meta property=\"og:image\" content=\"https:\/\/lepetitroast.com\/wp-content\/uploads\/2026\/03\/decaf-red-plum-colombian-decaf-coffee-le-petit-roast.webp\" \/>\n\t<meta property=\"og:image:width\" content=\"2000\" \/>\n\t<meta property=\"og:image:height\" content=\"2000\" \/>\n\t<meta property=\"og:image:type\" content=\"image\/webp\" \/>\n<meta name=\"twitter:card\" content=\"summary_large_image\" \/>\n<meta name=\"twitter:label1\" content=\"Estimation du temps de lecture\" \/>\n\t<meta name=\"twitter:data1\" content=\"1 minute\" \/>\n<script type=\"application\/ld+json\" class=\"yoast-schema-graph\">{\"@context\":\"https:\\\/\\\/schema.org\",\"@graph\":[{\"@type\":\"WebPage\",\"@id\":\"https:\\\/\\\/lepetitroast.com\\\/shop\\\/decaf-red-plum-colombia\\\/\",\"url\":\"https:\\\/\\\/lepetitroast.com\\\/shop\\\/decaf-red-plum-colombia\\\/\",\"name\":\"Decaf Red Plum | Le Petit Roast\",\"isPartOf\":{\"@id\":\"https:\\\/\\\/lepetitroast.com\\\/#website\"},\"primaryImageOfPage\":{\"@id\":\"https:\\\/\\\/lepetitroast.com\\\/shop\\\/decaf-red-plum-colombia\\\/#primaryimage\"},\"image\":{\"@id\":\"https:\\\/\\\/lepetitroast.com\\\/shop\\\/decaf-red-plum-colombia\\\/#primaryimage\"},\"thumbnailUrl\":\"https:\\\/\\\/lepetitroast.com\\\/wp-content\\\/uploads\\\/2026\\\/03\\\/decaf-red-plum-colombian-decaf-coffee-le-petit-roast.webp\",\"datePublished\":\"2026-03-15T03:46:11+00:00\",\"dateModified\":\"2026-04-04T19:01:26+00:00\",\"description\":\"Plum, red berries, and a clean acidity you won't believe is decaf. Le Red Plum \u2014 light-medium roast Colombian from Finca El Para\u00edso. Scored 89 SCA.\",\"breadcrumb\":{\"@id\":\"https:\\\/\\\/lepetitroast.com\\\/shop\\\/decaf-red-plum-colombia\\\/#breadcrumb\"},\"inLanguage\":\"fr-CA\",\"potentialAction\":[{\"@type\":\"ReadAction\",\"target\":[\"https:\\\/\\\/lepetitroast.com\\\/shop\\\/decaf-red-plum-colombia\\\/\"]}]},{\"@type\":\"ImageObject\",\"inLanguage\":\"fr-CA\",\"@id\":\"https:\\\/\\\/lepetitroast.com\\\/shop\\\/decaf-red-plum-colombia\\\/#primaryimage\",\"url\":\"https:\\\/\\\/lepetitroast.com\\\/wp-content\\\/uploads\\\/2026\\\/03\\\/decaf-red-plum-colombian-decaf-coffee-le-petit-roast.webp\",\"contentUrl\":\"https:\\\/\\\/lepetitroast.com\\\/wp-content\\\/uploads\\\/2026\\\/03\\\/decaf-red-plum-colombian-decaf-coffee-le-petit-roast.webp\",\"width\":2000,\"height\":2000,\"caption\":\"D\u00e9caf Red Plum coffee bag by Le Petit Roast \u2013 Colombian decaf light-medium roast with plum and berry notes on burgundy label\"},{\"@type\":\"BreadcrumbList\",\"@id\":\"https:\\\/\\\/lepetitroast.com\\\/shop\\\/decaf-red-plum-colombia\\\/#breadcrumb\",\"itemListElement\":[{\"@type\":\"ListItem\",\"position\":1,\"name\":\"Home\",\"item\":\"https:\\\/\\\/lepetitroast.com\\\/\"},{\"@type\":\"ListItem\",\"position\":2,\"name\":\"Shop with Sidebar\",\"item\":\"https:\\\/\\\/lepetitroast.com\\\/?page_id=919\"},{\"@type\":\"ListItem\",\"position\":3,\"name\":\"Decaf Red Plum &#8211; Colombia\"}]},{\"@type\":\"WebSite\",\"@id\":\"https:\\\/\\\/lepetitroast.com\\\/#website\",\"url\":\"https:\\\/\\\/lepetitroast.com\\\/\",\"name\":\"Le Petit Roast\",\"description\":\"Good coffee doesn\u2019t have to be complicated.\",\"potentialAction\":[{\"@type\":\"SearchAction\",\"target\":{\"@type\":\"EntryPoint\",\"urlTemplate\":\"https:\\\/\\\/lepetitroast.com\\\/?s={search_term_string}\"},\"query-input\":{\"@type\":\"PropertyValueSpecification\",\"valueRequired\":true,\"valueName\":\"search_term_string\"}}],\"inLanguage\":\"fr-CA\"}]}<\/script>\n<!-- \/ Yoast SEO plugin. -->","yoast_head_json":{"title":"D\u00e9caf Red Plum | Le Petit Roast","description":"Prune, fruits rouges et une acidit\u00e9 claire impossible \u00e0 croire pour un d\u00e9caf. Le Red Plum \u2014 colombien de la Finca El Para\u00edso. Not\u00e9 89 SCA.","robots":{"index":"index","follow":"follow","max-snippet":"max-snippet:-1","max-image-preview":"max-image-preview:large","max-video-preview":"max-video-preview:-1"},"canonical":"https:\/\/lepetitroast.com\/fr\/shop\/decaf-red-plum-colombie\/","og_locale":"fr_CA","og_type":"article","og_title":"Decaf Red Plum | Le Petit Roast","og_description":"Plum, red berries, and a clean acidity you won't believe is decaf. Le Red Plum \u2014 light-medium roast Colombian from Finca El Para\u00edso. Scored 89 SCA.","og_url":"https:\/\/lepetitroast.com\/fr\/shop\/decaf-red-plum-colombie\/","og_site_name":"Le Petit Roast","article_modified_time":"2026-04-04T19:01:26+00:00","og_image":[{"width":2000,"height":2000,"url":"https:\/\/lepetitroast.com\/wp-content\/uploads\/2026\/03\/decaf-red-plum-colombian-decaf-coffee-le-petit-roast.webp","type":"image\/webp"}],"twitter_card":"summary_large_image","twitter_misc":{"Estimation du temps de lecture":"1 minute"},"schema":{"@context":"https:\/\/schema.org","@graph":[{"@type":"WebPage","@id":"https:\/\/lepetitroast.com\/shop\/decaf-red-plum-colombia\/","url":"https:\/\/lepetitroast.com\/shop\/decaf-red-plum-colombia\/","name":"D\u00e9caf Red Plum | Le Petit Roast","isPartOf":{"@id":"https:\/\/lepetitroast.com\/#website"},"primaryImageOfPage":{"@id":"https:\/\/lepetitroast.com\/shop\/decaf-red-plum-colombia\/#primaryimage"},"image":{"@id":"https:\/\/lepetitroast.com\/shop\/decaf-red-plum-colombia\/#primaryimage"},"thumbnailUrl":"https:\/\/lepetitroast.com\/wp-content\/uploads\/2026\/03\/decaf-red-plum-colombian-decaf-coffee-le-petit-roast.webp","datePublished":"2026-03-15T03:46:11+00:00","dateModified":"2026-04-04T19:01:26+00:00","description":"Prune, fruits rouges et une acidit\u00e9 claire impossible \u00e0 croire pour un d\u00e9caf. Le Red Plum \u2014 colombien de la Finca El Para\u00edso. Not\u00e9 89 SCA.","breadcrumb":{"@id":"https:\/\/lepetitroast.com\/shop\/decaf-red-plum-colombia\/#breadcrumb"},"inLanguage":"fr-CA","potentialAction":[{"@type":"ReadAction","target":["https:\/\/lepetitroast.com\/shop\/decaf-red-plum-colombia\/"]}]},{"@type":"ImageObject","inLanguage":"fr-CA","@id":"https:\/\/lepetitroast.com\/shop\/decaf-red-plum-colombia\/#primaryimage","url":"https:\/\/lepetitroast.com\/wp-content\/uploads\/2026\/03\/decaf-red-plum-colombian-decaf-coffee-le-petit-roast.webp","contentUrl":"https:\/\/lepetitroast.com\/wp-content\/uploads\/2026\/03\/decaf-red-plum-colombian-decaf-coffee-le-petit-roast.webp","width":2000,"height":2000,"caption":"D\u00e9caf Red Plum coffee bag by Le Petit Roast \u2013 Colombian decaf light-medium roast with plum and berry notes on burgundy label"},{"@type":"BreadcrumbList","@id":"https:\/\/lepetitroast.com\/shop\/decaf-red-plum-colombia\/#breadcrumb","itemListElement":[{"@type":"ListItem","position":1,"name":"Home","item":"https:\/\/lepetitroast.com\/"},{"@type":"ListItem","position":2,"name":"Shop with Sidebar","item":"https:\/\/lepetitroast.com\/?page_id=919"},{"@type":"ListItem","position":3,"name":"Decaf Red Plum &#8211; Colombia"}]},{"@type":"WebSite","@id":"https:\/\/lepetitroast.com\/#website","url":"https:\/\/lepetitroast.com\/","name":"Le Petit Roast","description":"Good coffee doesn\u2019t have to be complicated.","potentialAction":[{"@type":"SearchAction","target":{"@type":"EntryPoint","urlTemplate":"https:\/\/lepetitroast.com\/?s={search_term_string}"},"query-input":{"@type":"PropertyValueSpecification","valueRequired":true,"valueName":"search_term_string"}}],"inLanguage":"fr-CA"}]}},"_links":{"self":[{"href":"https:\/\/lepetitroast.com\/fr\/wp-json\/wp\/v2\/product\/113226","targetHints":{"allow":["GET"]}}],"collection":[{"href":"https:\/\/lepetitroast.com\/fr\/wp-json\/wp\/v2\/product"}],"about":[{"href":"https:\/\/lepetitroast.com\/fr\/wp-json\/wp\/v2\/types\/product"}],"replies":[{"embeddable":true,"href":"https:\/\/lepetitroast.com\/fr\/wp-json\/wp\/v2\/comments?post=113226"}],"wp:featuredmedia":[{"embeddable":true,"href":"https:\/\/lepetitroast.com\/fr\/wp-json\/wp\/v2\/media\/113221"}],"wp:attachment":[{"href":"https:\/\/lepetitroast.com\/fr\/wp-json\/wp\/v2\/media?parent=113226"}],"wp:term":[{"taxonomy":"product_brand","embeddable":true,"href":"https:\/\/lepetitroast.com\/fr\/wp-json\/wp\/v2\/product_brand?post=113226"},{"taxonomy":"product_cat","embeddable":true,"href":"https:\/\/lepetitroast.com\/fr\/wp-json\/wp\/v2\/product_cat?post=113226"},{"taxonomy":"product_tag","embeddable":true,"href":"https:\/\/lepetitroast.com\/fr\/wp-json\/wp\/v2\/product_tag?post=113226"}],"curies":[{"name":"wp","href":"https:\/\/api.w.org\/{rel}","templated":true}]}}